{"id":51,"date":"2023-12-16T15:51:11","date_gmt":"2023-12-16T15:51:11","guid":{"rendered":"https:\/\/hexload.net\/?page_id=51"},"modified":"2023-12-28T17:03:57","modified_gmt":"2023-12-28T17:03:57","slug":"cookie-policy","status":"publish","type":"page","link":"https:\/\/hexload.net\/pl\/cookie-policy\/","title":{"rendered":"Polityka plik\u00f3w cookie"},"content":{"rendered":"<p>This site utilizes cookies \u2013 small text files placed on your machine to enhance the user experience. Generally, cookies are employed to retain user preferences, store information such as shopping carts, and provide anonymized tracking data to third-party applications like Google Analytics. Cookies, as a rule, contribute to an improved browsing experience. However, if you prefer, you can disable cookies on this site and others. The most effective way to do so is by adjusting your browser settings. For guidance on disabling cookies in your browser, we recommend consulting the Help section of your browser or visiting the About Cookies website, which provides instructions for all modern browsers.<\/p>\n","protected":false},"excerpt":{"rendered":"<p>Ta strona wykorzystuje pliki cookie &#8211; ma\u0142e pliki tekstowe umieszczone na Twoim urz\u0105dzeniu w celu poprawy do\u015bwiadczenia u\u017cytkownika. Og\u00f3lnie rzecz bior\u0105c, pliki cookie s\u0105 u\u017cywane do przechowywania preferencji u\u017cytkownika, przechowywania informacji, takich jak koszyki zakupowe, i dostarczania anonimowych danych \u015bledz\u0105cych &hellip;<\/p>\n<p class=\"read-more\"> <a class=\"more-link\" href=\"https:\/\/hexload.net\/pl\/cookie-policy\/\"> <span class=\"screen-reader-text\">Polityka plik\u00f3w cookie<\/span> Czytaj wi\u0119cej  &raquo;<\/a><\/p>\n","protected":false},"author":1,"featured_media":0,"parent":0,"menu_order":0,"comment_status":"closed","ping_status":"closed","template":"full-width-page.php","meta":{"footnotes":""},"class_list":["post-51","page","type-page","status-publish","hentry"],"_links":{"self":[{"href":"https:\/\/hexload.net\/pl\/wp-json\/wp\/v2\/pages\/51","targetHints":{"allow":["GET"]}}],"collection":[{"href":"https:\/\/hexload.net\/pl\/wp-json\/wp\/v2\/pages"}],"about":[{"href":"https:\/\/hexload.net\/pl\/wp-json\/wp\/v2\/types\/page"}],"author":[{"embeddable":true,"href":"https:\/\/hexload.net\/pl\/wp-json\/wp\/v2\/users\/1"}],"replies":[{"embeddable":true,"href":"https:\/\/hexload.net\/pl\/wp-json\/wp\/v2\/comments?post=51"}],"version-history":[{"count":5,"href":"https:\/\/hexload.net\/pl\/wp-json\/wp\/v2\/pages\/51\/revisions"}],"predecessor-version":[{"id":150,"href":"https:\/\/hexload.net\/pl\/wp-json\/wp\/v2\/pages\/51\/revisions\/150"}],"wp:attachment":[{"href":"https:\/\/hexload.net\/pl\/wp-json\/wp\/v2\/media?parent=51"}],"curies":[{"name":"wp","href":"https:\/\/api.w.org\/{rel}","templated":true}]}}