{"id":56,"date":"2023-12-16T16:03:13","date_gmt":"2023-12-16T16:03:13","guid":{"rendered":"https:\/\/hexload.net\/?page_id=56"},"modified":"2023-12-28T17:01:37","modified_gmt":"2023-12-28T17:01:37","slug":"affiliation-program","status":"publish","type":"page","link":"https:\/\/hexload.net\/pl\/affiliation-program\/","title":{"rendered":"Program partnerski"},"content":{"rendered":"<p>Unlock the potential to earn with Hexload's Affiliate Program! We offer three incredible plans designed for users who wish to share their files, connect with their audience, and capitalize on their digital content.<\/p>\n<p>Our Affiliate Plans:<br \/>\n1. Pay Per Download (PPD)<br \/>\nEarn up to $40 for every download of your shared files. Refer to the country-specific rates in the table below to estimate your potential earnings per 1000 downloads.<\/p>\n<p>2. Pay Per Sale (PPS)<br \/>\nReceive a commission for each sale generated through your files or referral links. Enjoy a 60% commission for initial sales and a 50% commission for rebills.<\/p>\n<p>3. PPS + PPD (MIX)<br \/>\nCombine the benefits of PPD and PPS with this plan, earning 30% of your downloads (PPD1) and 30% of sales or rebills.<\/p>\n<p>PPD1 Rates Per 1000 Downloads<br \/>\nTier\/Length\t1-500 MB\t500-1024 MB\t1024-1500 MB\t1500-2048 MB\t2048-10000 MB\t10000-* MB<br \/>\nTier 1\t$8\t$12\t$16\t$20\t$40<br \/>\nTier 2\t$4\t$8\t$10\t$12\t$20<br \/>\nTier 3\t$2\t$4\t$6\t$8\t$10<br \/>\nTier 4\t$1\t$2\t$3\t$4\t$5<br \/>\nBenefits:<\/p>\n<p>Ideal for affiliates seeking low download speed and increased sales.<br \/>\nEarn decent money from sales and rebills.<br \/>\nEnjoy high rates and fast payments.<br \/>\nDetails:<\/p>\n<p>Files are deleted after 30 days without download (Free) and stored indefinitely for Premium users.<br \/>\nMax upload file size: 2GB (Free Users) | 15GB (Premium Users).<br \/>\nMax download file size: 2GB (Free Downloaders) | 15GB (Premium Users).<br \/>\nOnly unique downloads are counted.<br \/>\nPPD2 Rates Per 1000 Downloads\/Streams<br \/>\nSize\tTier 1\tTier 2\tTier 3\tTier 4<br \/>\n1MB &#8211; 6GB\t$7\t$4\t$2\t$0.5<br \/>\nBenefits:<\/p>\n<p>Perfect for free download purposes with high-speed downloads for all.<br \/>\nSupports video player and streams ( *NEW ).<br \/>\nUploader can control the number of ads ( *NEW ).<br \/>\nNo Premium Account needed for downloaders; completely free.<br \/>\nHigh rates and fast payments.<br \/>\nDetails:<\/p>\n<p>Inactive files are deleted after 30 days without download, while active files are stored indefinitely.<br \/>\nMax upload file size: 10GB (can be increased; contact us for more).<br \/>\nMax download file size: 10GB for downloaders.<br \/>\nOnly unique downloads are counted.<br \/>\nTier Definitions:<\/p>\n<p>Tier 1: United States, Canada, United Kingdom, Australia<br \/>\nTier 2: Switzerland, Germany, France, Italy, Sweden, Iceland, Denmark, Finland, Ireland, Belgium, Austria, Netherlands<br \/>\nTier 3: Czech Republic, Japan, Norway, New Zealand, Spain, South Korea, Poland, Brazil, United Arab Emirates, Qatar, Kuwait, Saudi Arabia<br \/>\nTier 4: All other countries<br \/>\nPassive Income<br \/>\nBenefit from our stable referral system! Get 10% from the profit of users who register with your referral link. Invite friends and earn 10% from their profits.<\/p>\n<p>Affiliate Rules<br \/>\nTo join our affiliate program, you must have a Hexload account. If you don't have one, Sign Up now.<\/p>\n<p>All affiliates must agree to and abide by Hexload's General Terms and Conditions, Copyright Policy, and Privacy Policy.<\/p>\n<p>We strictly prohibit any form of child pornography. Any violation will result in immediate account suspension.<\/p>\n<p>For more information, refer to our Affiliate Rules.<\/p>\n<p>Profit Rates &#038; Download Counting<br \/>\nProfit rates are based on every successful completed download.<br \/>\nOne download from the same IP is counted per 24 hours.<br \/>\nDownloads from your own files are not counted.<br \/>\nWe may request information about your activity at any time.<br \/>\nPayout Rules<br \/>\nWe are not responsible for incorrect payment details; changes cannot be undone.<br \/>\nPayment charges, if applicable, will be deducted from the user's balance.<br \/>\nWithdraw your earnings through: PayPal | Webmoney | Bitcoin (Network fee will apply) (Minimum payout: $50) | Litecoin | Payeer.<br \/>\nMinimum payout for BTC is $50.<br \/>\nUse the &#8220;Request Payout&#8221; button once your earnings reach the minimum limit.<br \/>\nPayouts are processed within 3 days, but may take a maximum of 7 days after the request.<br \/>\nNote: We reserve the right to make changes to any affiliate plans at any time.<\/p>\n<p>Sign Up Now and Start Earning!<br \/>\nJoin Hexload's Affiliate Program now and turn your file-sharing into a lucrative venture. Start making money today!<\/p>\n","protected":false},"excerpt":{"rendered":"<p>Wykorzystaj potencja\u0142 zarobk\u00f3w dzi\u0119ki Programowi Partnerskiemu Hexload! Oferujemy trzy niesamowite plany dla u\u017cytkownik\u00f3w, kt\u00f3rzy chc\u0105 dzieli\u0107 si\u0119 swoimi plikami z przyjaci\u00f3\u0142mi i publiczno\u015bci\u0105, a jednocze\u015bnie zarabia\u0107 na tym. Nasze plany partnerskie: P\u0142atno\u015b\u0107 za Pobranie (PPD) Mo\u017cesz zarobi\u0107 nawet do 40 &hellip;<\/p>\n<p class=\"read-more\"> <a class=\"more-link\" href=\"https:\/\/hexload.net\/pl\/affiliation-program\/\"> <span class=\"screen-reader-text\">Program partnerski<\/span> Czytaj wi\u0119cej  &raquo;<\/a><\/p>\n","protected":false},"author":1,"featured_media":0,"parent":0,"menu_order":0,"comment_status":"closed","ping_status":"closed","template":"full-width-page.php","meta":{"footnotes":""},"class_list":["post-56","page","type-page","status-publish","hentry"],"_links":{"self":[{"href":"https:\/\/hexload.net\/pl\/wp-json\/wp\/v2\/pages\/56","targetHints":{"allow":["GET"]}}],"collection":[{"href":"https:\/\/hexload.net\/pl\/wp-json\/wp\/v2\/pages"}],"about":[{"href":"https:\/\/hexload.net\/pl\/wp-json\/wp\/v2\/types\/page"}],"author":[{"embeddable":true,"href":"https:\/\/hexload.net\/pl\/wp-json\/wp\/v2\/users\/1"}],"replies":[{"embeddable":true,"href":"https:\/\/hexload.net\/pl\/wp-json\/wp\/v2\/comments?post=56"}],"version-history":[{"count":15,"href":"https:\/\/hexload.net\/pl\/wp-json\/wp\/v2\/pages\/56\/revisions"}],"predecessor-version":[{"id":148,"href":"https:\/\/hexload.net\/pl\/wp-json\/wp\/v2\/pages\/56\/revisions\/148"}],"wp:attachment":[{"href":"https:\/\/hexload.net\/pl\/wp-json\/wp\/v2\/media?parent=56"}],"curies":[{"name":"wp","href":"https:\/\/api.w.org\/{rel}","templated":true}]}}