{"id":47,"date":"2023-12-16T15:48:27","date_gmt":"2023-12-16T15:48:27","guid":{"rendered":"https:\/\/hexload.net\/?page_id=47"},"modified":"2023-12-28T17:39:19","modified_gmt":"2023-12-28T17:39:19","slug":"terms-of-service","status":"publish","type":"page","link":"https:\/\/hexload.net\/tr\/terms-of-service\/","title":{"rendered":"Hizmet \u015eartlar\u0131"},"content":{"rendered":"<p>HEXLOAD Service Agreement<\/p>\n<p>This Agreement outlines the terms and conditions governing the services provided by HEXLOAD (&#8220;we&#8221;) to you (&#8220;User&#8221;). By utilizing our services, the User agrees to be bound by the following terms and conditions:<\/p>\n<p>Disabling Direct Linking:<\/p>\n<p>We reserve the right to disable direct linking on user accounts that are utilizing excessive bandwidth or abusing the system.<br \/>\nContent Restrictions:<\/p>\n<p>Pornography, nudity, sexual imagery, offensive images or videos, and copyrighted material are strictly prohibited.<br \/>\nWe retain the right to decide appropriate content, and we may delete images or videos without prior notification.<br \/>\nCompliance with Laws:<\/p>\n<p>Users must adhere to all applicable laws in their location, including copyright and trademark laws.<br \/>\nUploading files that violate copyrights or trademarks is not allowed. In case of an infringement claim, the User may be asked to remove the copyrighted file until the issue is resolved.<br \/>\nIn disputes between participants on the site, HEXLOAD is not obligated to intervene.<br \/>\nLiability:<\/p>\n<p>HEXLOAD is not liable for the User's images, videos, or files, or any lost business due to the unavailability or loss of the website.<br \/>\nNo claims are made regarding the future reliability of serving, hosting, or storing User content.<br \/>\nCooperation with Legal Authorities:<\/p>\n<p>HEXLOAD is committed to cooperating with any and all legal authorities if an investigation arises.<br \/>\nGeneral Provisions:<\/p>\n<p>Amendments to Terms and Conditions:<\/p>\n<p>HEXLOAD reserves the right to amend these terms and conditions with future effect, notifying Users of such changes in advance.<br \/>\nService Availability:<\/p>\n<p>HEXLOAD provides Users with access to its services and strives for 24\/7 availability. However, restrictions may occur for security-related measures.<br \/>\nUpload\/Storing\/Content\/Information:<\/p>\n<p>Files uploaded by Users are considered external third-party information, and HEXLOAD is not responsible for their content.<br \/>\nProhibited Files\/Content\/Information:<\/p>\n<p>Users are prohibited from uploading files that violate applicable laws, contain malicious software, infringe on intellectual property rights, or engage in other prohibited activities.<br \/>\nSecurity of Stored Files\/Content\/Information:<\/p>\n<p>HEXLOAD does not open or inspect Users' stored files\/content unless required by official or judicial orders.<br \/>\nDeletion of Stored Files\/Content\/Information:<\/p>\n<p>HEXLOAD may delete files\/content that violates laws or terms. Users have no claim to perpetual or unlimited storage.<br \/>\nRegistered\/Logged-in Users:<\/p>\n<p>Users must provide accurate information, protect access data, and adhere to duties regarding access data.<br \/>\nHEXLOAD may transfer agreements to third parties, with the User's consent as outlined in data protection laws.<br \/>\nTermination of the Agreement:<\/p>\n<p>The agreement is generally for an indefinite period. Termination requires a 14-day notice, and HEXLOAD may delete User data upon termination.<br \/>\nBlocking of Access:<\/p>\n<p>HEXLOAD may block User access for various reasons, including IT security, incorrect access attempts, or enforcement of intellectual property rights.<br \/>\nAdvertising Measures:<\/p>\n<p>Advertising design and presentation are at HEXLOAD's discretion.<br \/>\nData Protection Provisions:<\/p>\n<p>Refer to HEXLOAD's data protection provisions and privacy statement at hexload.net\/privacy-policy\/.<br \/>\nExclusion of Liability:<\/p>\n<p>HEXLOAD is not liable for expenditures, damages, or recourse claims, excluding liability as per mandatory statutory provisions.<br \/>\nDefinitions and Terms:<\/p>\n<p>A &#8220;User&#8221; is a natural person using HEXLOAD services. An &#8220;Uploader&#8221; is a User who uploads files to HEXLOAD.<\/p>\n","protected":false},"excerpt":{"rendered":"<p>HEXLOAD Hizmet S\u00f6zle\u015fmesi Bu s\u00f6zle\u015fme, HEXLOAD (&#8220;biz&#8221;) taraf\u0131ndan size (&#8220;Kullan\u0131c\u0131&#8221;) sa\u011flanan hizmetleri d\u00fczenleyen \u015fartlar\u0131 ve ko\u015fullar\u0131 belirler. Hizmetlerimizi kullanarak, Kullan\u0131c\u0131 a\u015fa\u011f\u0131daki \u015fartlar ve ko\u015fullara ba\u011fl\u0131 olmay\u0131 kabul eder: Do\u011frudan Ba\u011flant\u0131 Devre D\u0131\u015f\u0131 B\u0131rakma: A\u015f\u0131r\u0131 bant geni\u015fli\u011fi kullanan veya sistemi k\u00f6t\u00fcye &hellip;<\/p>\n<p class=\"read-more\"> <a class=\"more-link\" href=\"https:\/\/hexload.net\/tr\/terms-of-service\/\"> <span class=\"screen-reader-text\">Hizmet \u015eartlar\u0131<\/span> Devam\u0131n\u0131 Oku &raquo;<\/a><\/p>\n","protected":false},"author":1,"featured_media":0,"parent":0,"menu_order":0,"comment_status":"closed","ping_status":"closed","template":"full-width-page.php","meta":{"footnotes":""},"class_list":["post-47","page","type-page","status-publish","hentry"],"_links":{"self":[{"href":"https:\/\/hexload.net\/tr\/wp-json\/wp\/v2\/pages\/47","targetHints":{"allow":["GET"]}}],"collection":[{"href":"https:\/\/hexload.net\/tr\/wp-json\/wp\/v2\/pages"}],"about":[{"href":"https:\/\/hexload.net\/tr\/wp-json\/wp\/v2\/types\/page"}],"author":[{"embeddable":true,"href":"https:\/\/hexload.net\/tr\/wp-json\/wp\/v2\/users\/1"}],"replies":[{"embeddable":true,"href":"https:\/\/hexload.net\/tr\/wp-json\/wp\/v2\/comments?post=47"}],"version-history":[{"count":6,"href":"https:\/\/hexload.net\/tr\/wp-json\/wp\/v2\/pages\/47\/revisions"}],"predecessor-version":[{"id":158,"href":"https:\/\/hexload.net\/tr\/wp-json\/wp\/v2\/pages\/47\/revisions\/158"}],"wp:attachment":[{"href":"https:\/\/hexload.net\/tr\/wp-json\/wp\/v2\/media?parent=47"}],"curies":[{"name":"wp","href":"https:\/\/api.w.org\/{rel}","templated":true}]}}